{"id":3043,"date":"2023-12-03T18:29:22","date_gmt":"2023-12-03T18:29:22","guid":{"rendered":"https:\/\/capricecarpet.com\/?page_id=3043"},"modified":"2023-12-03T19:15:52","modified_gmt":"2023-12-03T19:15:52","slug":"saran-koleksiyonu","status":"publish","type":"page","link":"https:\/\/capricecarpet.com\/en\/koleksiyonlar\/saran-koleksiyonu\/","title":{"rendered":"Saran Koleksiyonu"},"content":{"rendered":"<h1>\n\t\t\t\tSaran Koleksiyonu\n\t\t\t<\/h1>\n\t<div class=\"ast-breadcrumbs-wrapper\">\n\t\t\t<div class=\"ast-breadcrumbs-inner\"><nav role=\"navigation\" aria-label=\"Breadcrumbs\" class=\"breadcrumb-trail breadcrumbs\" ><div class=\"ast-breadcrumbs\"><ul class=\"trail-items\" ><li  class=\"trail-item trail-end\"><span><a href=\"https:\/\/capricecarpet.com\/en\/\" rel=\"home\"><span >Home<\/span><\/a><\/span><\/li><\/ul><\/div><\/nav><\/div>\n\t\t<\/div>\n\t\t\t\t<img loading=\"lazy\" decoding=\"async\" src=\"https:\/\/capricecarpet.com\/wp-content\/uploads\/2023\/10\/white-logo.png\" alt=\"white-logo\" itemprop=\"image\" height=\"256\" width=\"1047\" title=\"white-logo\" onerror=\"this.style.display='none'\"  \/>\n\t\t\t\t\t<ul id=\"menu-footer-hizli-menu\"><li id=\"menu-item-1069\"><a href=\"https:\/\/capricecarpet.com\/en\/\">Home<\/a><\/li>\n<li id=\"menu-item-1919\"><a href=\"https:\/\/capricecarpet.com\/en\/hakkimizda\/\">About Us<\/a><\/li>\n<li id=\"menu-item-2838\"><a href=\"https:\/\/capricecarpet.com\/en\/urun-gruplarimiz\/\">Koleksiyonlar<\/a><\/li>\n<li id=\"menu-item-1070\"><a href=\"https:\/\/capricecarpet.com\/en\/iletisim\/\">Contact<\/a><\/li>\n<li id=\"menu-item-2839\"><a href=\"https:\/\/capricecarpet.com\/en\/e-katalog\/\">E-Catalog<\/a><\/li>\n<\/ul>\t\n\t<ul>\n\t\t<li><h3>Telefon : +90 342 502 04 36<\/h3><\/li><li><h3>E-Mail : info@capricecarpet.com<\/h3><\/li>\t<\/ul>","protected":false},"excerpt":{"rendered":"<p>Anasayfa Hakk\u0131m\u0131zda Koleksiyonlar \u0130leti\u015fim E-Katalog &hellip;<\/p>\n<p class=\"read-more\"> <a class=\"\" href=\"https:\/\/capricecarpet.com\/en\/koleksiyonlar\/saran-koleksiyonu\/\"> <span class=\"screen-reader-text\">Saran Koleksiyonu<\/span> Read More \u00bb<\/a><\/p>","protected":false},"author":3,"featured_media":3093,"parent":2667,"menu_order":0,"comment_status":"closed","ping_status":"closed","template":"","meta":{"_uag_custom_page_level_css":"","site-sidebar-layout":"no-sidebar","site-content-layout":"page-builder","ast-site-content-layout":"","site-content-style":"default","site-sidebar-style":"default","ast-global-header-display":"","ast-banner-title-visibility":"","ast-main-header-display":"","ast-hfb-above-header-display":"","ast-hfb-below-header-display":"","ast-hfb-mobile-header-display":"","site-post-title":"disabled","ast-breadcrumbs-content":"","ast-featured-img":"disabled","footer-sml-layout":"","theme-transparent-header-meta":"","adv-header-id-meta":"","stick-header-meta":"","header-above-stick-meta":"","header-main-stick-meta":"","header-below-stick-meta":"","astra-migrate-meta-layouts":"","footnotes":""},"class_list":["post-3043","page","type-page","status-publish","has-post-thumbnail","hentry"],"uagb_featured_image_src":{"full":["https:\/\/capricecarpet.com\/wp-content\/uploads\/2023\/12\/SARAN.png",788,788,false],"thumbnail":["https:\/\/capricecarpet.com\/wp-content\/uploads\/2023\/12\/SARAN-150x150.png",150,150,true],"medium":["https:\/\/capricecarpet.com\/wp-content\/uploads\/2023\/12\/SARAN-300x300.png",300,300,true],"medium_large":["https:\/\/capricecarpet.com\/wp-content\/uploads\/2023\/12\/SARAN-768x768.png",768,768,true],"large":["https:\/\/capricecarpet.com\/wp-content\/uploads\/2023\/12\/SARAN.png",788,788,false],"1536x1536":["https:\/\/capricecarpet.com\/wp-content\/uploads\/2023\/12\/SARAN.png",788,788,false],"2048x2048":["https:\/\/capricecarpet.com\/wp-content\/uploads\/2023\/12\/SARAN.png",788,788,false],"trp-custom-language-flag":["https:\/\/capricecarpet.com\/wp-content\/uploads\/2023\/12\/SARAN-12x12.png",12,12,true]},"uagb_author_info":{"display_name":"Ali BARDIZ","author_link":"https:\/\/capricecarpet.com\/en\/author\/ali\/"},"uagb_comment_info":0,"uagb_excerpt":"Anasayfa Hakk\u0131m\u0131zda Koleksiyonlar \u0130leti\u015fim E-Katalog &hellip; Saran Koleksiyonu Read More \u00bb","_links":{"self":[{"href":"https:\/\/capricecarpet.com\/en\/wp-json\/wp\/v2\/pages\/3043","targetHints":{"allow":["GET"]}}],"collection":[{"href":"https:\/\/capricecarpet.com\/en\/wp-json\/wp\/v2\/pages"}],"about":[{"href":"https:\/\/capricecarpet.com\/en\/wp-json\/wp\/v2\/types\/page"}],"author":[{"embeddable":true,"href":"https:\/\/capricecarpet.com\/en\/wp-json\/wp\/v2\/users\/3"}],"replies":[{"embeddable":true,"href":"https:\/\/capricecarpet.com\/en\/wp-json\/wp\/v2\/comments?post=3043"}],"version-history":[{"count":3,"href":"https:\/\/capricecarpet.com\/en\/wp-json\/wp\/v2\/pages\/3043\/revisions"}],"predecessor-version":[{"id":3158,"href":"https:\/\/capricecarpet.com\/en\/wp-json\/wp\/v2\/pages\/3043\/revisions\/3158"}],"up":[{"embeddable":true,"href":"https:\/\/capricecarpet.com\/en\/wp-json\/wp\/v2\/pages\/2667"}],"wp:featuredmedia":[{"embeddable":true,"href":"https:\/\/capricecarpet.com\/en\/wp-json\/wp\/v2\/media\/3093"}],"wp:attachment":[{"href":"https:\/\/capricecarpet.com\/en\/wp-json\/wp\/v2\/media?parent=3043"}],"curies":[{"name":"wp","href":"https:\/\/api.w.org\/{rel}","templated":true}]}}