{"id":3049,"date":"2023-12-03T18:31:03","date_gmt":"2023-12-03T18:31:03","guid":{"rendered":"https:\/\/capricecarpet.com\/?page_id=3049"},"modified":"2025-04-21T10:47:41","modified_gmt":"2025-04-21T10:47:41","slug":"insan-kaynaklari","status":"publish","type":"page","link":"https:\/\/capricecarpet.com\/en\/insan-kaynaklari\/","title":{"rendered":"\u0130nsan Kaynaklar\u0131"},"content":{"rendered":"<h1>\n\t\t\t\t\u0130nsan Kaynaklar\u0131\n\t\t\t<\/h1>\n\t<div class=\"ast-breadcrumbs-wrapper\">\n\t\t\t<div class=\"ast-breadcrumbs-inner\"><nav role=\"navigation\" aria-label=\"Breadcrumbs\" class=\"breadcrumb-trail breadcrumbs\" ><div class=\"ast-breadcrumbs\"><ul class=\"trail-items\" ><li  class=\"trail-item trail-end\"><span><a href=\"https:\/\/capricecarpet.com\/en\/\" rel=\"home\"><span >Home<\/span><\/a><\/span><\/li><\/ul><\/div><\/nav><\/div>\n\t\t<\/div>\n\t\t\t\t<img loading=\"lazy\" decoding=\"async\" src=\"https:\/\/capricecarpet.com\/wp-content\/uploads\/2023\/10\/white-logo.png\" alt=\"white-logo\" itemprop=\"image\" height=\"256\" width=\"1047\" title=\"white-logo\" onerror=\"this.style.display='none'\">\n\t\t\t\t\t<ul id=\"menu-footer-hizli-menu\"><li id=\"menu-item-1069\"><a href=\"https:\/\/capricecarpet.com\/en\/\">Home<\/a><\/li>\n<li id=\"menu-item-3173\"><a href=\"https:\/\/capricecarpet.com\/en\/hakkimizda\/\">Kurumsal<\/a><\/li>\n<li id=\"menu-item-2838\"><a href=\"https:\/\/capricecarpet.com\/en\/koleksiyonlar\/\">Koleksiyonlar<\/a><\/li>\n<li id=\"menu-item-3172\"><a href=\"https:\/\/capricecarpet.com\/en\/iletisim-copy\/\">\u0130K<\/a><\/li>\n<li id=\"menu-item-1070\"><a href=\"https:\/\/capricecarpet.com\/en\/iletisim\/\">Contact<\/a><\/li>\n<\/ul>\t\n\t<ul>\n\t\t<li><h3>Telefon : +90 342 502 04 36<\/h3><\/li><li><h3>E-Mail : info@capricecarpet.com<\/h3><\/li>\t<\/ul>\n\n\n\n<p><\/p>","protected":false},"excerpt":{"rendered":"<p>Anasayfa Kurumsal Koleksiyonlar \u0130K \u0130leti\u015fim &hellip;<\/p>\n<p class=\"read-more\"> <a class=\"\" href=\"https:\/\/capricecarpet.com\/en\/insan-kaynaklari\/\"> <span class=\"screen-reader-text\">\u0130nsan Kaynaklar\u0131<\/span> Read More \u00bb<\/a><\/p>","protected":false},"author":3,"featured_media":0,"parent":0,"menu_order":0,"comment_status":"closed","ping_status":"closed","template":"","meta":{"_uag_custom_page_level_css":"","site-sidebar-layout":"no-sidebar","site-content-layout":"page-builder","ast-site-content-layout":"full-width-container","site-content-style":"unboxed","site-sidebar-style":"unboxed","ast-global-header-display":"","ast-banner-title-visibility":"","ast-main-header-display":"","ast-hfb-above-header-display":"","ast-hfb-below-header-display":"","ast-hfb-mobile-header-display":"","site-post-title":"disabled","ast-breadcrumbs-content":"","ast-featured-img":"disabled","footer-sml-layout":"","theme-transparent-header-meta":"","adv-header-id-meta":"","stick-header-meta":"","header-above-stick-meta":"","header-main-stick-meta":"","header-below-stick-meta":"","astra-migrate-meta-layouts":"set","footnotes":""},"class_list":["post-3049","page","type-page","status-publish","hentry"],"uagb_featured_image_src":{"full":false,"thumbnail":false,"medium":false,"medium_large":false,"large":false,"1536x1536":false,"2048x2048":false,"trp-custom-language-flag":false},"uagb_author_info":{"display_name":"Ali BARDIZ","author_link":"https:\/\/capricecarpet.com\/en\/author\/ali\/"},"uagb_comment_info":0,"uagb_excerpt":"Anasayfa Kurumsal Koleksiyonlar \u0130K \u0130leti\u015fim &hellip; \u0130nsan Kaynaklar\u0131 Read More \u00bb","_links":{"self":[{"href":"https:\/\/capricecarpet.com\/en\/wp-json\/wp\/v2\/pages\/3049","targetHints":{"allow":["GET"]}}],"collection":[{"href":"https:\/\/capricecarpet.com\/en\/wp-json\/wp\/v2\/pages"}],"about":[{"href":"https:\/\/capricecarpet.com\/en\/wp-json\/wp\/v2\/types\/page"}],"author":[{"embeddable":true,"href":"https:\/\/capricecarpet.com\/en\/wp-json\/wp\/v2\/users\/3"}],"replies":[{"embeddable":true,"href":"https:\/\/capricecarpet.com\/en\/wp-json\/wp\/v2\/comments?post=3049"}],"version-history":[{"count":2,"href":"https:\/\/capricecarpet.com\/en\/wp-json\/wp\/v2\/pages\/3049\/revisions"}],"predecessor-version":[{"id":3181,"href":"https:\/\/capricecarpet.com\/en\/wp-json\/wp\/v2\/pages\/3049\/revisions\/3181"}],"wp:attachment":[{"href":"https:\/\/capricecarpet.com\/en\/wp-json\/wp\/v2\/media?parent=3049"}],"curies":[{"name":"wp","href":"https:\/\/api.w.org\/{rel}","templated":true}]}}