{"id":3058,"date":"2023-12-03T18:36:00","date_gmt":"2023-12-03T18:36:00","guid":{"rendered":"https:\/\/capricecarpet.com\/?page_id=3058"},"modified":"2023-12-03T18:45:27","modified_gmt":"2023-12-03T18:45:27","slug":"misyon-vizyon","status":"publish","type":"page","link":"https:\/\/capricecarpet.com\/en\/misyon-vizyon\/","title":{"rendered":"Misyon &#038; Vizyon"},"content":{"rendered":"<h1>\n\t\t\t\tMisyon &#038; Vizyon\n\t\t\t<\/h1>\n\t<div class=\"ast-breadcrumbs-wrapper\">\n\t\t\t<div class=\"ast-breadcrumbs-inner\"><nav role=\"navigation\" aria-label=\"Breadcrumbs\" class=\"breadcrumb-trail breadcrumbs\" ><div class=\"ast-breadcrumbs\"><ul class=\"trail-items\" ><li  class=\"trail-item trail-end\"><span><a href=\"https:\/\/capricecarpet.com\/en\/\" rel=\"home\"><span >Home<\/span><\/a><\/span><\/li><\/ul><\/div><\/nav><\/div>\n\t\t<\/div>\n\t<h3>\n\t\t\t\tMisyon\n\t\t\t<\/h3>\n\t\t<p>Caprice Carpet olarak misyonumuz, kaliteyi standartlar\u0131m\u0131z\u0131n merkezine yerle\u015ftirmek ve m\u00fc\u015fterilerimize sadece \u00fcr\u00fcn de\u011fil, bir deneyim sunmakt\u0131r. Kalite, sadece \u00fcr\u00fcnlerimizde de\u011fil, ayn\u0131 zamanda sundu\u011fumuz hizmette de kendini g\u00f6sterir. \u00dcr\u00fcnlerimizin \u00e7evre dostu olmas\u0131, s\u00fcrd\u00fcr\u00fclebilirlik ilkesiyle uyumlu olmas\u0131 bizim i\u00e7in \u00f6nemlidir. M\u00fc\u015fteri memnuniyetini sa\u011flamak, her bir \u00fcr\u00fcn\u00fcm\u00fcz ve her bir m\u00fc\u015fteriyle kurdu\u011fumuz ili\u015fkide \u00f6nceliklidir.<\/p>\t\n\t<h3>\n\t\t\t\tVizyon\n\t\t\t<\/h3>\n\t\t<p>Caprice Carpet olarak, gelece\u011fe d\u00f6n\u00fck bir bak\u0131\u015f a\u00e7\u0131s\u0131yla mekanlar\u0131n\u0131z\u0131 d\u00f6n\u00fc\u015ft\u00fcrmeyi ve ya\u015fam kalitenizi art\u0131rmay\u0131 hedefliyoruz. Vizyonumuz, zemin d\u00f6\u015feme alan\u0131nda estetik ve konforun s\u0131n\u0131rlar\u0131n\u0131 zorlamak, m\u00fc\u015fterilerimize yenilik\u00e7i ve \u00f6zg\u00fcn \u00fcr\u00fcnlerle tan\u0131\u015ft\u0131rmak, ve her ad\u0131mda memnuniyetinizi sa\u011flamakt\u0131r. Mekanlar\u0131n\u0131z\u0131 ki\u015fiselle\u015ftirmenin s\u0131n\u0131rlar\u0131n\u0131 geni\u015fleterek, sizinle birlikte bir tasar\u0131m yolculu\u011funa \u00e7\u0131kmak istiyoruz.<\/p>\t\n\t\t\t\t<img loading=\"lazy\" decoding=\"async\" src=\"https:\/\/capricecarpet.com\/wp-content\/uploads\/2023\/10\/white-logo.png\" alt=\"white-logo\" itemprop=\"image\" height=\"256\" width=\"1047\" title=\"white-logo\" onerror=\"this.style.display='none'\"  \/>\n\t\t\t\t\t<ul id=\"menu-footer-hizli-menu\"><li id=\"menu-item-1069\"><a href=\"https:\/\/capricecarpet.com\/en\/\">Home<\/a><\/li>\n<li id=\"menu-item-1919\"><a href=\"https:\/\/capricecarpet.com\/en\/hakkimizda\/\">About Us<\/a><\/li>\n<li id=\"menu-item-2838\"><a href=\"https:\/\/capricecarpet.com\/en\/urun-gruplarimiz\/\">Product Groups<\/a><\/li>\n<li id=\"menu-item-1070\"><a href=\"https:\/\/capricecarpet.com\/en\/iletisim\/\">Contact<\/a><\/li>\n<li id=\"menu-item-2839\"><a href=\"https:\/\/capricecarpet.com\/en\/e-katalog\/\">E-Catalog<\/a><\/li>\n<\/ul>\t\n\t<ul>\n\t\t<li><h3>Telefon : +90 342 502 04 36<\/h3><\/li><li><h3>E-Mail : info@capricecarpet.com<\/h3><\/li>\t<\/ul>","protected":false},"excerpt":{"rendered":"<p>Misyon Caprice Carpet olarak misyonumuz, &hellip;<\/p>\n<p class=\"read-more\"> <a class=\"\" href=\"https:\/\/capricecarpet.com\/en\/misyon-vizyon\/\"> <span class=\"screen-reader-text\">Misyon &#038; Vizyon<\/span> Read More \u00bb<\/a><\/p>","protected":false},"author":3,"featured_media":0,"parent":0,"menu_order":0,"comment_status":"closed","ping_status":"closed","template":"","meta":{"_uag_custom_page_level_css":"","site-sidebar-layout":"no-sidebar","site-content-layout":"page-builder","ast-site-content-layout":"","site-content-style":"default","site-sidebar-style":"default","ast-global-header-display":"","ast-banner-title-visibility":"","ast-main-header-display":"","ast-hfb-above-header-display":"","ast-hfb-below-header-display":"","ast-hfb-mobile-header-display":"","site-post-title":"disabled","ast-breadcrumbs-content":"","ast-featured-img":"disabled","footer-sml-layout":"","theme-transparent-header-meta":"","adv-header-id-meta":"","stick-header-meta":"","header-above-stick-meta":"","header-main-stick-meta":"","header-below-stick-meta":"","astra-migrate-meta-layouts":"","footnotes":""},"class_list":["post-3058","page","type-page","status-publish","hentry"],"uagb_featured_image_src":{"full":false,"thumbnail":false,"medium":false,"medium_large":false,"large":false,"1536x1536":false,"2048x2048":false,"trp-custom-language-flag":false},"uagb_author_info":{"display_name":"Ali BARDIZ","author_link":"https:\/\/capricecarpet.com\/en\/author\/ali\/"},"uagb_comment_info":0,"uagb_excerpt":"Misyon Caprice Carpet olarak misyonumuz, &hellip; Misyon &#038; Vizyon Read More \u00bb","_links":{"self":[{"href":"https:\/\/capricecarpet.com\/en\/wp-json\/wp\/v2\/pages\/3058","targetHints":{"allow":["GET"]}}],"collection":[{"href":"https:\/\/capricecarpet.com\/en\/wp-json\/wp\/v2\/pages"}],"about":[{"href":"https:\/\/capricecarpet.com\/en\/wp-json\/wp\/v2\/types\/page"}],"author":[{"embeddable":true,"href":"https:\/\/capricecarpet.com\/en\/wp-json\/wp\/v2\/users\/3"}],"replies":[{"embeddable":true,"href":"https:\/\/capricecarpet.com\/en\/wp-json\/wp\/v2\/comments?post=3058"}],"version-history":[{"count":1,"href":"https:\/\/capricecarpet.com\/en\/wp-json\/wp\/v2\/pages\/3058\/revisions"}],"predecessor-version":[{"id":3065,"href":"https:\/\/capricecarpet.com\/en\/wp-json\/wp\/v2\/pages\/3058\/revisions\/3065"}],"wp:attachment":[{"href":"https:\/\/capricecarpet.com\/en\/wp-json\/wp\/v2\/media?parent=3058"}],"curies":[{"name":"wp","href":"https:\/\/api.w.org\/{rel}","templated":true}]}}