{"id":3060,"date":"2023-12-03T18:36:32","date_gmt":"2023-12-03T18:36:32","guid":{"rendered":"https:\/\/capricecarpet.com\/?page_id=3060"},"modified":"2023-12-03T18:36:32","modified_gmt":"2023-12-03T18:36:32","slug":"degerlerimiz","status":"publish","type":"page","link":"https:\/\/capricecarpet.com\/en\/degerlerimiz\/","title":{"rendered":"De\u011ferlerimiz"},"content":{"rendered":"<h1>\n\t\t\t\tDe\u011ferlerimiz\n\t\t\t<\/h1>\n\t<div class=\"ast-breadcrumbs-wrapper\">\n\t\t\t<div class=\"ast-breadcrumbs-inner\"><nav role=\"navigation\" aria-label=\"Breadcrumbs\" class=\"breadcrumb-trail breadcrumbs\" ><div class=\"ast-breadcrumbs\"><ul class=\"trail-items\" ><li  class=\"trail-item trail-end\"><span><a href=\"https:\/\/capricecarpet.com\/en\/\" rel=\"home\"><span >Home<\/span><\/a><\/span><\/li><\/ul><\/div><\/nav><\/div>\n\t\t<\/div>\n\t<p><strong>Caprice Carpet<\/strong>, zemin d\u00f6\u015feme sekt\u00f6r\u00fcnde yenilik\u00e7i yakla\u015f\u0131m\u0131, kaliteli \u00fcr\u00fcnleri ve m\u00fc\u015fteri memnuniyetine odaklanan hizmet anlay\u0131\u015f\u0131yla ad\u0131ndan s\u00f6z ettiren bir markad\u0131r. Biz, mekanlar\u0131n\u0131z\u0131 daha ya\u015fanabilir, estetik ve konforlu k\u0131lma misyonuyla yola \u00e7\u0131kt\u0131k. <strong>Caprice Carpet<\/strong>, zemindeki s\u0131radanl\u0131\u011f\u0131 kald\u0131rarak, her ad\u0131mda \u00f6zg\u00fcn ve kaliteli \u00e7\u00f6z\u00fcmler sunar.<\/p>\n<p><strong>Caprice Carpet<\/strong> olarak, kaliteye verdi\u011fimiz \u00f6nemi vurgulamaktan gurur duyuyoruz. Zemin d\u00f6\u015feme \u00fcr\u00fcnlerimizde en son teknolojileri kullanarak, uzun \u00f6m\u00fcrl\u00fc ve dayan\u0131kl\u0131 \u00fcr\u00fcnler sunuyoruz. Her bir \u00fcr\u00fcn\u00fcm\u00fcz, dikkatlice se\u00e7ilmi\u015f malzemelerden \u00f6zenle \u00fcretilir ve y\u00fcksek standartlar\u0131m\u0131z\u0131 kar\u015f\u0131lamak i\u00e7in titizlikle test edilir.<\/p>\n<p>\u00c7evre bilinci, <strong>Caprice Carpet<\/strong>&#8216;in temel de\u011ferlerinden biridir. \u00dcr\u00fcnlerimizi se\u00e7erken, \u00e7evreye duyarl\u0131 malzemeleri tercih ediyor, \u00fcretim s\u00fcre\u00e7lerimizi s\u00fcrd\u00fcr\u00fclebilir y\u00f6ntemlere adapte ediyoruz. M\u00fc\u015fterilerimize sundu\u011fumuz her \u00fcr\u00fcn, estetik ve \u00e7evre dostlu\u011funu bir araya getirerek sorumlu t\u00fcketimi te\u015fvik eder.<\/p>\n<p><strong>Caprice Carpet<\/strong>, farkl\u0131 tarzlara ve ihtiya\u00e7lara hitap eden geni\u015f bir \u00fcr\u00fcn yelpazesi sunar. Modern, klasik, minimal veya \u00f6zg\u00fcn tasar\u0131mlar ar\u0131yorsan\u0131z, zemin d\u00f6\u015femeniz i\u00e7in ideal \u00e7\u00f6z\u00fcmleri bulacaks\u0131n\u0131z. Hal\u0131lar\u0131m\u0131z, lamine zeminlerimiz ve di\u011fer \u00fcr\u00fcnlerimiz, mekanlar\u0131n\u0131za ki\u015fisel dokunu\u015flar katman\u0131za olanak tan\u0131r.<\/p>\n\t\t\t\t<img loading=\"lazy\" decoding=\"async\" src=\"https:\/\/capricecarpet.com\/wp-content\/uploads\/2023\/10\/white-logo.png\" alt=\"white-logo\" itemprop=\"image\" height=\"256\" width=\"1047\" title=\"white-logo\" onerror=\"this.style.display='none'\"  \/>\n\t\t\t\t\t<ul id=\"menu-footer-hizli-menu\"><li id=\"menu-item-1069\"><a href=\"https:\/\/capricecarpet.com\/en\/\">Home<\/a><\/li>\n<li id=\"menu-item-1919\"><a href=\"https:\/\/capricecarpet.com\/en\/hakkimizda\/\">About Us<\/a><\/li>\n<li id=\"menu-item-2838\"><a href=\"https:\/\/capricecarpet.com\/en\/koleksiyonlar\/\">Product Groups<\/a><\/li>\n<li id=\"menu-item-1070\"><a href=\"https:\/\/capricecarpet.com\/en\/iletisim\/\">Contact<\/a><\/li>\n<li id=\"menu-item-2839\"><a href=\"https:\/\/capricecarpet.com\/en\/e-katalog\/\">E-Catalog<\/a><\/li>\n<\/ul>\t\n\t<ul>\n\t\t<li><h3>Telefon : +90 342 502 04 36<\/h3><\/li><li><h3>E-Mail : info@capricecarpet.com<\/h3><\/li>\t<\/ul>","protected":false},"excerpt":{"rendered":"<p>Caprice Carpet, zemin d\u00f6\u015feme sekt\u00f6r\u00fcnde &hellip;<\/p>\n<p class=\"read-more\"> <a class=\"\" href=\"https:\/\/capricecarpet.com\/en\/degerlerimiz\/\"> <span class=\"screen-reader-text\">De\u011ferlerimiz<\/span> Read More \u00bb<\/a><\/p>","protected":false},"author":3,"featured_media":0,"parent":0,"menu_order":0,"comment_status":"closed","ping_status":"closed","template":"","meta":{"_uag_custom_page_level_css":"","site-sidebar-layout":"no-sidebar","site-content-layout":"page-builder","ast-site-content-layout":"","site-content-style":"default","site-sidebar-style":"default","ast-global-header-display":"","ast-banner-title-visibility":"","ast-main-header-display":"","ast-hfb-above-header-display":"","ast-hfb-below-header-display":"","ast-hfb-mobile-header-display":"","site-post-title":"disabled","ast-breadcrumbs-content":"","ast-featured-img":"disabled","footer-sml-layout":"","theme-transparent-header-meta":"","adv-header-id-meta":"","stick-header-meta":"","header-above-stick-meta":"","header-main-stick-meta":"","header-below-stick-meta":"","astra-migrate-meta-layouts":"","footnotes":""},"class_list":["post-3060","page","type-page","status-publish","hentry"],"uagb_featured_image_src":{"full":false,"thumbnail":false,"medium":false,"medium_large":false,"large":false,"1536x1536":false,"2048x2048":false,"trp-custom-language-flag":false},"uagb_author_info":{"display_name":"Ali BARDIZ","author_link":"https:\/\/capricecarpet.com\/en\/author\/ali\/"},"uagb_comment_info":0,"uagb_excerpt":"Caprice Carpet, zemin d\u00f6\u015feme sekt\u00f6r\u00fcnde &hellip; De\u011ferlerimiz Read More \u00bb","_links":{"self":[{"href":"https:\/\/capricecarpet.com\/en\/wp-json\/wp\/v2\/pages\/3060","targetHints":{"allow":["GET"]}}],"collection":[{"href":"https:\/\/capricecarpet.com\/en\/wp-json\/wp\/v2\/pages"}],"about":[{"href":"https:\/\/capricecarpet.com\/en\/wp-json\/wp\/v2\/types\/page"}],"author":[{"embeddable":true,"href":"https:\/\/capricecarpet.com\/en\/wp-json\/wp\/v2\/users\/3"}],"replies":[{"embeddable":true,"href":"https:\/\/capricecarpet.com\/en\/wp-json\/wp\/v2\/comments?post=3060"}],"version-history":[{"count":0,"href":"https:\/\/capricecarpet.com\/en\/wp-json\/wp\/v2\/pages\/3060\/revisions"}],"wp:attachment":[{"href":"https:\/\/capricecarpet.com\/en\/wp-json\/wp\/v2\/media?parent=3060"}],"curies":[{"name":"wp","href":"https:\/\/api.w.org\/{rel}","templated":true}]}}