{"id":7,"date":"2017-08-01T12:13:15","date_gmt":"2017-08-01T12:13:15","guid":{"rendered":"https:\/\/capricecarpet.com\/home\/"},"modified":"2023-12-04T08:04:45","modified_gmt":"2023-12-04T08:04:45","slug":"anasayfa","status":"publish","type":"page","link":"https:\/\/capricecarpet.com\/en\/","title":{"rendered":"Home"},"content":{"rendered":"<h2>\n\t\t\u00d6NE \u00c7IKAN KOLEKS\u0130YONLAR\n\t<\/h2>\n\t\t\t\t\t\t\t\t\t\t\t\t\t\t<a href=\"https:\/\/capricecarpet.com\/en\/koleksiyonlar\/avolon-koleksiyonu\/\" target=\"_self\" title=\"Avolon Koleksiyonu\" rel=\"noopener\">\n\t\t\t\t<img decoding=\"async\" src=\"https:\/\/capricecarpet.com\/wp-content\/uploads\/2023\/12\/AVALON.jpg\" alt=\"\" \/>\n\t\t\t\t<\/a>\n\t\t\t\t\t\t<h3>\n\t\t\t\t<a href=\"https:\/\/capricecarpet.com\/en\/koleksiyonlar\/avolon-koleksiyonu\/\" title=\"Avolon Koleksiyonu\" tabindex=\"0\">Avolon Koleksiyonu<\/a>\t\t\t<\/h3>\n\t\t\t\t\t\t\t\t\t\t\t\t\t\t<a href=\"https:\/\/capricecarpet.com\/en\/koleksiyonlar\/panama-koleksiyonu\/\" target=\"_self\" title=\"Panama Koleksiyonu\" rel=\"noopener\">\n\t\t\t\t<img decoding=\"async\" src=\"https:\/\/capricecarpet.com\/wp-content\/uploads\/2023\/12\/PANAMA.png\" alt=\"\" \/>\n\t\t\t\t<\/a>\n\t\t\t\t\t\t<h3>\n\t\t\t\t<a href=\"https:\/\/capricecarpet.com\/en\/koleksiyonlar\/panama-koleksiyonu\/\" title=\"Panama Koleksiyonu\" tabindex=\"0\">Panama Koleksiyonu<\/a>\t\t\t<\/h3>\n\t\t\t\t\t\t\t\t\t\t\t\t\t\t<a href=\"https:\/\/capricecarpet.com\/en\/koleksiyonlar\/saran-koleksiyonu\/\" target=\"_self\" title=\"Saran Koleksiyonu\" rel=\"noopener\">\n\t\t\t\t<img decoding=\"async\" src=\"https:\/\/capricecarpet.com\/wp-content\/uploads\/2023\/12\/SARAN.png\" alt=\"\" \/>\n\t\t\t\t<\/a>\n\t\t\t\t\t\t<h3>\n\t\t\t\t<a href=\"https:\/\/capricecarpet.com\/en\/koleksiyonlar\/saran-koleksiyonu\/\" title=\"Saran Koleksiyonu\" tabindex=\"0\">Saran Koleksiyonu<\/a>\t\t\t<\/h3>\n\t\t\t\t\t\t\t\t\t\t\t\t\t\t<a href=\"https:\/\/capricecarpet.com\/en\/koleksiyonlar\/taksim-koleksiyonu\/\" target=\"_self\" title=\"Taksim Koleksiyonu\" rel=\"noopener\">\n\t\t\t\t<img decoding=\"async\" src=\"https:\/\/capricecarpet.com\/wp-content\/uploads\/2023\/12\/TAKSIM.png\" alt=\"\" \/>\n\t\t\t\t<\/a>\n\t\t\t\t\t\t<h3>\n\t\t\t\t<a href=\"https:\/\/capricecarpet.com\/en\/koleksiyonlar\/taksim-koleksiyonu\/\" title=\"Taksim Koleksiyonu\" tabindex=\"0\">Taksim Koleksiyonu<\/a>\t\t\t<\/h3>\n\t\t\t<a href=\"https:\/\/capricecarpet.com\/en\/urun-gruplarimiz\/\" target=\"_self\" role=\"button\" rel=\"noopener\">\n\t\t\t\t\t\t\tKoleksiyonlar\u0131 \u0130ncele\n\t\t<\/a>\n\t\t\t\t\t\t\t\t<h6>Caprice Carpet<\/h6>\t\t\t\n\t<h3>\n\t\t\t\tABOUT US\n\t\t\t<\/h3>\n\t<p><strong>Caprice Carpet<\/strong>, \u00fcretim s\u00fcre\u00e7lerinde kaliteye verdi\u011fi \u00f6nemle sekt\u00f6rde \u00f6nc\u00fc bir konuma sahiptir.\u00a0<strong>Gaziantep<\/strong>te bulunan modern tesisimizde, son teknoloji makinelerle donat\u0131lm\u0131\u015f \u00fcretim hatlar\u0131 sayesinde m\u00fc\u015fterilere y\u00fcksek kaliteli hal\u0131lar sunmaktay\u0131z. Malzeme se\u00e7iminden dokuma s\u00fcrecine kadar her a\u015famada kalite standartlar\u0131na sad\u0131k kalarak, dayan\u0131kl\u0131 ve estetik \u00fcr\u00fcnler ortaya \u00e7\u0131karmaktay\u0131z.<\/p>\n<p>Gaziantepli zanaatkar gelene\u011fini ve hal\u0131 dokuma sanat\u0131n\u0131 en \u00fcst seviyede kullanarak,\u00a0<strong>Caprice Carpet<\/strong>\u00a0hal\u0131lar\u0131na \u00f6zg\u00fc tasar\u0131mlar ortaya \u00e7\u0131kar\u0131yoruz. Usta ellerde \u015fekillenen her hal\u0131, ayn\u0131 zamanda bir sanat eseridir. Geleneksel dokuma teknikleri ile modern tasar\u0131m anlay\u0131\u015f\u0131n\u0131 birle\u015ftiriyor, evlere s\u0131cakl\u0131k ve zarafet kat\u0131yoruz.<\/p>\n<p><strong>Fabrikam\u0131z<\/strong>, toplam <strong>4000 m\u00b2<\/strong> alan i\u00e7inde <strong>12000 m\u00b2<\/strong> kapal\u0131 kullan\u0131m alan\u0131na sahiptir. Modern i\u015fletme ve \u00fcretim binas\u0131yla sa\u011fl\u0131kl\u0131 \u00e7al\u0131\u015fma ortam\u0131 sunmaktad\u0131r. K\u0131sa s\u00fcrede geni\u015f pazarlama yelpazesine ula\u015fm\u0131\u015f olup, bug\u00fcn <strong>Almanya<\/strong> ba\u015fta olmak \u00fczere <strong>Hollanda<\/strong>, <strong>\u0130spanya<\/strong>, <strong>\u0130svi\u00e7re<\/strong> ve <strong>\u0130rlanda<\/strong>&#8216;ya ev tekstili \u00fcretmektedir.<\/p>\n\t\t\t\t<img decoding=\"async\" src=\"http:\/\/capricecarpet.com\/wp-content\/uploads\/2023\/12\/anasayfa.jpg\" alt=\"anasayfa\" itemprop=\"image\" title=\"anasayfa\" onerror=\"this.style.display='none'\"  \/>\n\t\t\t\t<img loading=\"lazy\" decoding=\"async\" src=\"https:\/\/capricecarpet.com\/wp-content\/uploads\/2023\/10\/white-logo.png\" alt=\"white-logo\" itemprop=\"image\" height=\"256\" width=\"1047\" title=\"white-logo\" onerror=\"this.style.display='none'\"  \/>\n\t\t\t\t\t<ul id=\"menu-footer-hizli-menu\"><li id=\"menu-item-1069\"><a href=\"https:\/\/capricecarpet.com\/en\/\">Home<\/a><\/li>\n<li id=\"menu-item-3173\"><a href=\"https:\/\/capricecarpet.com\/en\/hakkimizda\/\">Kurumsal<\/a><\/li>\n<li id=\"menu-item-2838\"><a href=\"https:\/\/capricecarpet.com\/en\/koleksiyonlar\/\">Koleksiyonlar<\/a><\/li>\n<li id=\"menu-item-3172\"><a href=\"https:\/\/capricecarpet.com\/en\/iletisim-copy\/\">\u0130K<\/a><\/li>\n<li id=\"menu-item-1070\"><a href=\"https:\/\/capricecarpet.com\/en\/iletisim\/\">Contact<\/a><\/li>\n<\/ul>\t\n\t<ul>\n\t\t<li><h3>Telefon : +90 342 502 04 36<\/h3><\/li><li><h3>E-Mail : info@capricecarpet.com<\/h3><\/li>\t<\/ul>","protected":false},"excerpt":{"rendered":"<p>\u00d6NE \u00c7IKAN KOLEKS\u0130YONLAR Avolon Koleksiyonu &hellip;<\/p>\n<p class=\"read-more\"> <a class=\"\" href=\"https:\/\/capricecarpet.com\/en\/\"> <span class=\"screen-reader-text\">Home<\/span> Read More \u00bb<\/a><\/p>","protected":false},"author":1,"featured_media":0,"parent":0,"menu_order":0,"comment_status":"closed","ping_status":"closed","template":"","meta":{"_uag_custom_page_level_css":"","site-sidebar-layout":"no-sidebar","site-content-layout":"page-builder","ast-site-content-layout":"","site-content-style":"default","site-sidebar-style":"default","ast-global-header-display":"","ast-banner-title-visibility":"","ast-main-header-display":"","ast-hfb-above-header-display":"","ast-hfb-below-header-display":"","ast-hfb-mobile-header-display":"","site-post-title":"disabled","ast-breadcrumbs-content":"","ast-featured-img":"disabled","footer-sml-layout":"","theme-transparent-header-meta":"","adv-header-id-meta":"","stick-header-meta":"","header-above-stick-meta":"","header-main-stick-meta":"","header-below-stick-meta":"","astra-migrate-meta-layouts":"","footnotes":""},"class_list":["post-7","page","type-page","status-publish","hentry"],"uagb_featured_image_src":{"full":false,"thumbnail":false,"medium":false,"medium_large":false,"large":false,"1536x1536":false,"2048x2048":false,"trp-custom-language-flag":false},"uagb_author_info":{"display_name":"admin","author_link":"https:\/\/capricecarpet.com\/en\/author\/ibrahim_wgztrw7s\/"},"uagb_comment_info":0,"uagb_excerpt":"\u00d6NE \u00c7IKAN KOLEKS\u0130YONLAR Avolon Koleksiyonu &hellip; Anasayfa Read More \u00bb","_links":{"self":[{"href":"https:\/\/capricecarpet.com\/en\/wp-json\/wp\/v2\/pages\/7","targetHints":{"allow":["GET"]}}],"collection":[{"href":"https:\/\/capricecarpet.com\/en\/wp-json\/wp\/v2\/pages"}],"about":[{"href":"https:\/\/capricecarpet.com\/en\/wp-json\/wp\/v2\/types\/page"}],"author":[{"embeddable":true,"href":"https:\/\/capricecarpet.com\/en\/wp-json\/wp\/v2\/users\/1"}],"replies":[{"embeddable":true,"href":"https:\/\/capricecarpet.com\/en\/wp-json\/wp\/v2\/comments?post=7"}],"version-history":[{"count":41,"href":"https:\/\/capricecarpet.com\/en\/wp-json\/wp\/v2\/pages\/7\/revisions"}],"predecessor-version":[{"id":3186,"href":"https:\/\/capricecarpet.com\/en\/wp-json\/wp\/v2\/pages\/7\/revisions\/3186"}],"wp:attachment":[{"href":"https:\/\/capricecarpet.com\/en\/wp-json\/wp\/v2\/media?parent=7"}],"curies":[{"name":"wp","href":"https:\/\/api.w.org\/{rel}","templated":true}]}}